{"id":1548,"date":"2023-10-23T13:24:22","date_gmt":"2023-10-23T13:24:22","guid":{"rendered":"https:\/\/jura.bandula.org\/?page_id=1548"},"modified":"2025-09-10T06:22:48","modified_gmt":"2025-09-10T06:22:48","slug":"unser-restaurant","status":"publish","type":"page","link":"https:\/\/jura-resort.ch\/de\/restaurant\/unser-restaurant\/","title":{"rendered":"Unser Restaurant"},"content":{"rendered":"\n<h1 class=\"wp-block-heading has-text-align-center\">UNSER PARTNER RESTAURANT<\/h1>\n\n<p class=\"has-text-align-center\">Seit dem<sup>1<\/sup>. September 2024 wird das Restaurant im Jura Sport &amp; Spa Resort von Franches Restauration gef\u00fchrt. Das Restaurant und die Sportbar bieten eine traditionelle K\u00fcche mit hausgemachten Gerichten und Produkten, die m\u00f6glichst von unseren lokalen Partnern stammen. Die N\u00e4he zu den Produzenten, Z\u00fcchtern oder Lieferanten ist uns wichtig.<\/p>\n\n<p class=\"has-text-align-center\">Auf der Panoramaterrasse k\u00f6nnen Sie ein Eis essen, eine k\u00f6stliche Mahlzeit zu sich nehmen oder Ihren Durst l\u00f6schen.<\/p>\n\n<figure class=\"wp-block-image alignright\"><img decoding=\"async\" src=\"https:\/\/jura-resort.ch\/wp-content\/uploads\/2023\/10\/SPPJ0221.jpg\" alt=\"SPPJ0221\"\/><\/figure>\n\n<figure class=\"wp-block-image alignleft\"><img decoding=\"async\" src=\"https:\/\/jura-resort.ch\/wp-content\/uploads\/2023\/10\/SPPJ0257.jpg\" alt=\"SPPJ0257\"\/><\/figure>\n\n<p class=\"has-text-align-center\"><br\/>Tel.  <a href=\"tel:+41329512478\">+41 32 951 24 78<\/a><\/p>\n\n<p class=\"has-text-align-center\">E-Mail: <a href=\"mailto:reservation@restaurant-cl.ch\">reservation@restaurant-cl.ch<\/a><\/p>\n\n<p class=\"has-text-align-center\">Um ihre Website zu besuchen, klicken Sie bitte <a href=\"https:\/\/restaurant-bar-des-sports.ch\">hier<\/a><\/p>\n\n<p class=\"has-text-align-center\"><\/p>\n\n<p class=\"has-text-align-center\"><\/p>\n\n<p><\/p>\n\n<p><\/p>\n\n<p><\/p>\n\n<p><\/p>\n\n<p><\/p>\n\n<p><\/p>\n\n<p><\/p>\n\n<h2 class=\"wp-block-heading has-text-align-center\">UNSERE ANGEBOTE<\/h2>\n\n<p class=\"has-text-align-center\"><a tabindex=\"0\">F\u00dcR IHRE BESONDEREN ANL\u00c4SSE<\/a><\/p>\n\n<p class=\"has-text-align-center\">Ob f\u00fcr einen Geburtstag, eine Hochzeit oder ein Seminar in einem unserer speziellen R\u00e4ume f\u00fcr bis zu 150 Personen oder f\u00fcr ein Bankett f\u00fcr 500 bis 1000 Personen in unserer beheizten Eisbahn (nur von Mitte April bis Mitte August).<\/p>\n\n<p class=\"has-text-align-center\">Das Jura Sport &amp; Spa Resort und das Sportrestaurant und die Sportbar freuen sich darauf, Ihnen ein Men\u00fc f\u00fcr Ihre besonderen Anl\u00e4sse zusammenzustellen.<\/p>\n\n<p class=\"has-text-align-center\">F\u00fcr weitere Informationen \u00fcber Ihre Buchungen f\u00fcr Seminare oder spezielle Veranstaltungen wenden Sie sich bitte direkt an die Verwaltung unter <a href=\"mailto:reservation@restaurant-cl.ch\">reservation@restaurant-cl.ch<\/a>.<\/p>\n\n<p><\/p>\n\n<p><a href=\"\/chambres\/nos-offres\/\"><br\/><\/a><br\/><img decoding=\"async\" src=\"https:\/\/jura-resort.ch\/wp-content\/uploads\/2023\/10\/Bike-Hotel.jpg\" alt=\"Bike-Hotel\"\/><img decoding=\"async\" src=\"https:\/\/jura-resort.ch\/wp-content\/uploads\/2023\/10\/Restaurant-GURU.jpg\" alt=\"Restaurant-GURU\"\/><img decoding=\"async\" src=\"https:\/\/jura-resort.ch\/wp-content\/uploads\/2023\/10\/Wellness-Hotel-HotellerieSuisse.jpg\" alt=\"Wellness-Hotel-HotellerieSchweiz\"\/><img decoding=\"async\" src=\"https:\/\/jura-resort.ch\/wp-content\/uploads\/2023\/10\/logo-hotellerie-suisse.png\" alt=\"logo-hotellerie-schweiz\"\/>  <img decoding=\"async\" src=\"https:\/\/jura-resort.ch\/wp-content\/uploads\/2023\/10\/logo-jura-pass.png\" alt=\"logo-jura-pass\"\/><img decoding=\"async\" src=\"https:\/\/jura-resort.ch\/wp-content\/uploads\/2023\/10\/tous-en-selle.png\" alt=\"tous-en-selle\"\/><img decoding=\"async\" src=\"https:\/\/jura-resort.ch\/wp-content\/uploads\/2023\/10\/logo-tripadvisor.png\" alt=\"logo-tripadvisor\"\/><\/p>\n\n<h2 class=\"wp-block-heading\"><a href=\"#top\"><br\/><\/a><\/h2>\n","protected":false},"excerpt":{"rendered":"<p>UNSER PARTNER RESTAURANT Seit dem1. September 2024 wird das Restaurant im Jura Sport &amp; Spa Resort von Franches Restauration gef\u00fchrt. Das Restaurant und die Sportbar bieten eine traditionelle K\u00fcche mit hausgemachten Gerichten und Produkten, die m\u00f6glichst von unseren lokalen Partnern stammen. Die N\u00e4he zu den Produzenten, Z\u00fcchtern oder Lieferanten ist uns wichtig. Auf der Panoramaterrasse [&hellip;]<\/p>\n","protected":false},"author":5,"featured_media":0,"parent":1576,"menu_order":1,"comment_status":"closed","ping_status":"closed","template":"","meta":{"_acf_changed":false,"footnotes":""},"class_list":["post-1548","page","type-page","status-publish","hentry"],"acf":[],"yoast_head":"<!-- This site is optimized with the Yoast SEO plugin v27.3 - https:\/\/yoast.com\/product\/yoast-seo-wordpress\/ -->\n<title>Unser Restaurant | Jura Resort<\/title>\n<meta name=\"robots\" content=\"index, follow, max-snippet:-1, max-image-preview:large, max-video-preview:-1\" \/>\n<link rel=\"canonical\" href=\"https:\/\/jura-resort.ch\/de\/restaurant\/unser-restaurant\/\" \/>\n<meta property=\"og:locale\" content=\"de_DE\" \/>\n<meta property=\"og:type\" content=\"article\" \/>\n<meta property=\"og:title\" content=\"Unser Restaurant | Jura Resort\" \/>\n<meta property=\"og:description\" content=\"UNSER PARTNER RESTAURANT Seit dem1. September 2024 wird das Restaurant im Jura Sport &amp; Spa Resort von Franches Restauration gef\u00fchrt. Das Restaurant und die Sportbar bieten eine traditionelle K\u00fcche mit hausgemachten Gerichten und Produkten, die m\u00f6glichst von unseren lokalen Partnern stammen. Die N\u00e4he zu den Produzenten, Z\u00fcchtern oder Lieferanten ist uns wichtig. Auf der Panoramaterrasse [&hellip;]\" \/>\n<meta property=\"og:url\" content=\"https:\/\/jura-resort.ch\/de\/restaurant\/unser-restaurant\/\" \/>\n<meta property=\"og:site_name\" content=\"Jura Resort\" \/>\n<meta property=\"article:publisher\" content=\"https:\/\/www.facebook.com\/clfm.centredeloisirsdesfranchesmontagnes\" \/>\n<meta property=\"article:modified_time\" content=\"2025-09-10T06:22:48+00:00\" \/>\n<meta property=\"og:image\" content=\"https:\/\/jura-resort.ch\/wp-content\/uploads\/2023\/10\/SPPJ0221.jpg\" \/>\n<meta name=\"twitter:card\" content=\"summary_large_image\" \/>\n<script type=\"application\/ld+json\" class=\"yoast-schema-graph\">{\"@context\":\"https:\\\/\\\/schema.org\",\"@graph\":[{\"@type\":\"WebPage\",\"@id\":\"https:\\\/\\\/jura-resort.ch\\\/de\\\/restaurant\\\/unser-restaurant\\\/\",\"url\":\"https:\\\/\\\/jura-resort.ch\\\/de\\\/restaurant\\\/unser-restaurant\\\/\",\"name\":\"Unser Restaurant | Jura Resort\",\"isPartOf\":{\"@id\":\"https:\\\/\\\/jura-resort.ch\\\/de\\\/#website\"},\"primaryImageOfPage\":{\"@id\":\"https:\\\/\\\/jura-resort.ch\\\/de\\\/restaurant\\\/unser-restaurant\\\/#primaryimage\"},\"image\":{\"@id\":\"https:\\\/\\\/jura-resort.ch\\\/de\\\/restaurant\\\/unser-restaurant\\\/#primaryimage\"},\"thumbnailUrl\":\"https:\\\/\\\/jura-resort.ch\\\/wp-content\\\/uploads\\\/2023\\\/10\\\/SPPJ0221.jpg\",\"datePublished\":\"2023-10-23T13:24:22+00:00\",\"dateModified\":\"2025-09-10T06:22:48+00:00\",\"breadcrumb\":{\"@id\":\"https:\\\/\\\/jura-resort.ch\\\/de\\\/restaurant\\\/unser-restaurant\\\/#breadcrumb\"},\"inLanguage\":\"de\",\"potentialAction\":[{\"@type\":\"ReadAction\",\"target\":[\"https:\\\/\\\/jura-resort.ch\\\/de\\\/restaurant\\\/unser-restaurant\\\/\"]}]},{\"@type\":\"ImageObject\",\"inLanguage\":\"de\",\"@id\":\"https:\\\/\\\/jura-resort.ch\\\/de\\\/restaurant\\\/unser-restaurant\\\/#primaryimage\",\"url\":\"https:\\\/\\\/jura-resort.ch\\\/wp-content\\\/uploads\\\/2023\\\/10\\\/SPPJ0221.jpg\",\"contentUrl\":\"https:\\\/\\\/jura-resort.ch\\\/wp-content\\\/uploads\\\/2023\\\/10\\\/SPPJ0221.jpg\"},{\"@type\":\"BreadcrumbList\",\"@id\":\"https:\\\/\\\/jura-resort.ch\\\/de\\\/restaurant\\\/unser-restaurant\\\/#breadcrumb\",\"itemListElement\":[{\"@type\":\"ListItem\",\"position\":1,\"name\":\"Home\",\"item\":\"https:\\\/\\\/jura-resort.ch\\\/de\\\/homepage\\\/\"},{\"@type\":\"ListItem\",\"position\":2,\"name\":\"Restaurant\",\"item\":\"https:\\\/\\\/jura-resort.ch\\\/de\\\/restaurant\\\/\"},{\"@type\":\"ListItem\",\"position\":3,\"name\":\"Unser Restaurant\"}]},{\"@type\":\"WebSite\",\"@id\":\"https:\\\/\\\/jura-resort.ch\\\/de\\\/#website\",\"url\":\"https:\\\/\\\/jura-resort.ch\\\/de\\\/\",\"name\":\"Jura Resort\",\"description\":\"Jura Resort\",\"publisher\":{\"@id\":\"https:\\\/\\\/jura-resort.ch\\\/de\\\/#organization\"},\"potentialAction\":[{\"@type\":\"SearchAction\",\"target\":{\"@type\":\"EntryPoint\",\"urlTemplate\":\"https:\\\/\\\/jura-resort.ch\\\/de\\\/?s={search_term_string}\"},\"query-input\":{\"@type\":\"PropertyValueSpecification\",\"valueRequired\":true,\"valueName\":\"search_term_string\"}}],\"inLanguage\":\"de\"},{\"@type\":\"Organization\",\"@id\":\"https:\\\/\\\/jura-resort.ch\\\/de\\\/#organization\",\"name\":\"Jura Resort\",\"alternateName\":\"Jura Resort - Centre de loisirs des Franches-Montagnes\",\"url\":\"https:\\\/\\\/jura-resort.ch\\\/de\\\/\",\"logo\":{\"@type\":\"ImageObject\",\"inLanguage\":\"de\",\"@id\":\"https:\\\/\\\/jura-resort.ch\\\/de\\\/#\\\/schema\\\/logo\\\/image\\\/\",\"url\":\"https:\\\/\\\/jura-resort.ch\\\/wp-content\\\/uploads\\\/2023\\\/12\\\/logo.png\",\"contentUrl\":\"https:\\\/\\\/jura-resort.ch\\\/wp-content\\\/uploads\\\/2023\\\/12\\\/logo.png\",\"width\":120,\"height\":135,\"caption\":\"Jura Resort\"},\"image\":{\"@id\":\"https:\\\/\\\/jura-resort.ch\\\/de\\\/#\\\/schema\\\/logo\\\/image\\\/\"},\"sameAs\":[\"https:\\\/\\\/www.facebook.com\\\/clfm.centredeloisirsdesfranchesmontagnes\",\"https:\\\/\\\/www.instagram.com\\\/jura_resort\\\/\",\"https:\\\/\\\/www.linkedin.com\\\/company\\\/jura-sport-spa-resort\\\/\",\"https:\\\/\\\/fr.tripadvisor.ch\\\/Hotel_Review-g1068933-d2618195-Reviews-Hotel_Cristal-Saignelegier_Canton_of_Jura.html\"]}]}<\/script>\n<!-- \/ Yoast SEO plugin. -->","yoast_head_json":{"title":"Unser Restaurant | Jura Resort","robots":{"index":"index","follow":"follow","max-snippet":"max-snippet:-1","max-image-preview":"max-image-preview:large","max-video-preview":"max-video-preview:-1"},"canonical":"https:\/\/jura-resort.ch\/de\/restaurant\/unser-restaurant\/","og_locale":"de_DE","og_type":"article","og_title":"Unser Restaurant | Jura Resort","og_description":"UNSER PARTNER RESTAURANT Seit dem1. September 2024 wird das Restaurant im Jura Sport &amp; Spa Resort von Franches Restauration gef\u00fchrt. Das Restaurant und die Sportbar bieten eine traditionelle K\u00fcche mit hausgemachten Gerichten und Produkten, die m\u00f6glichst von unseren lokalen Partnern stammen. Die N\u00e4he zu den Produzenten, Z\u00fcchtern oder Lieferanten ist uns wichtig. Auf der Panoramaterrasse [&hellip;]","og_url":"https:\/\/jura-resort.ch\/de\/restaurant\/unser-restaurant\/","og_site_name":"Jura Resort","article_publisher":"https:\/\/www.facebook.com\/clfm.centredeloisirsdesfranchesmontagnes","article_modified_time":"2025-09-10T06:22:48+00:00","og_image":[{"url":"https:\/\/jura-resort.ch\/wp-content\/uploads\/2023\/10\/SPPJ0221.jpg","type":"","width":"","height":""}],"twitter_card":"summary_large_image","schema":{"@context":"https:\/\/schema.org","@graph":[{"@type":"WebPage","@id":"https:\/\/jura-resort.ch\/de\/restaurant\/unser-restaurant\/","url":"https:\/\/jura-resort.ch\/de\/restaurant\/unser-restaurant\/","name":"Unser Restaurant | Jura Resort","isPartOf":{"@id":"https:\/\/jura-resort.ch\/de\/#website"},"primaryImageOfPage":{"@id":"https:\/\/jura-resort.ch\/de\/restaurant\/unser-restaurant\/#primaryimage"},"image":{"@id":"https:\/\/jura-resort.ch\/de\/restaurant\/unser-restaurant\/#primaryimage"},"thumbnailUrl":"https:\/\/jura-resort.ch\/wp-content\/uploads\/2023\/10\/SPPJ0221.jpg","datePublished":"2023-10-23T13:24:22+00:00","dateModified":"2025-09-10T06:22:48+00:00","breadcrumb":{"@id":"https:\/\/jura-resort.ch\/de\/restaurant\/unser-restaurant\/#breadcrumb"},"inLanguage":"de","potentialAction":[{"@type":"ReadAction","target":["https:\/\/jura-resort.ch\/de\/restaurant\/unser-restaurant\/"]}]},{"@type":"ImageObject","inLanguage":"de","@id":"https:\/\/jura-resort.ch\/de\/restaurant\/unser-restaurant\/#primaryimage","url":"https:\/\/jura-resort.ch\/wp-content\/uploads\/2023\/10\/SPPJ0221.jpg","contentUrl":"https:\/\/jura-resort.ch\/wp-content\/uploads\/2023\/10\/SPPJ0221.jpg"},{"@type":"BreadcrumbList","@id":"https:\/\/jura-resort.ch\/de\/restaurant\/unser-restaurant\/#breadcrumb","itemListElement":[{"@type":"ListItem","position":1,"name":"Home","item":"https:\/\/jura-resort.ch\/de\/homepage\/"},{"@type":"ListItem","position":2,"name":"Restaurant","item":"https:\/\/jura-resort.ch\/de\/restaurant\/"},{"@type":"ListItem","position":3,"name":"Unser Restaurant"}]},{"@type":"WebSite","@id":"https:\/\/jura-resort.ch\/de\/#website","url":"https:\/\/jura-resort.ch\/de\/","name":"Jura Resort","description":"Jura Resort","publisher":{"@id":"https:\/\/jura-resort.ch\/de\/#organization"},"potentialAction":[{"@type":"SearchAction","target":{"@type":"EntryPoint","urlTemplate":"https:\/\/jura-resort.ch\/de\/?s={search_term_string}"},"query-input":{"@type":"PropertyValueSpecification","valueRequired":true,"valueName":"search_term_string"}}],"inLanguage":"de"},{"@type":"Organization","@id":"https:\/\/jura-resort.ch\/de\/#organization","name":"Jura Resort","alternateName":"Jura Resort - Centre de loisirs des Franches-Montagnes","url":"https:\/\/jura-resort.ch\/de\/","logo":{"@type":"ImageObject","inLanguage":"de","@id":"https:\/\/jura-resort.ch\/de\/#\/schema\/logo\/image\/","url":"https:\/\/jura-resort.ch\/wp-content\/uploads\/2023\/12\/logo.png","contentUrl":"https:\/\/jura-resort.ch\/wp-content\/uploads\/2023\/12\/logo.png","width":120,"height":135,"caption":"Jura Resort"},"image":{"@id":"https:\/\/jura-resort.ch\/de\/#\/schema\/logo\/image\/"},"sameAs":["https:\/\/www.facebook.com\/clfm.centredeloisirsdesfranchesmontagnes","https:\/\/www.instagram.com\/jura_resort\/","https:\/\/www.linkedin.com\/company\/jura-sport-spa-resort\/","https:\/\/fr.tripadvisor.ch\/Hotel_Review-g1068933-d2618195-Reviews-Hotel_Cristal-Saignelegier_Canton_of_Jura.html"]}]}},"_links":{"self":[{"href":"https:\/\/jura-resort.ch\/de\/wp-json\/wp\/v2\/pages\/1548","targetHints":{"allow":["GET"]}}],"collection":[{"href":"https:\/\/jura-resort.ch\/de\/wp-json\/wp\/v2\/pages"}],"about":[{"href":"https:\/\/jura-resort.ch\/de\/wp-json\/wp\/v2\/types\/page"}],"author":[{"embeddable":true,"href":"https:\/\/jura-resort.ch\/de\/wp-json\/wp\/v2\/users\/5"}],"replies":[{"embeddable":true,"href":"https:\/\/jura-resort.ch\/de\/wp-json\/wp\/v2\/comments?post=1548"}],"version-history":[{"count":0,"href":"https:\/\/jura-resort.ch\/de\/wp-json\/wp\/v2\/pages\/1548\/revisions"}],"up":[{"embeddable":true,"href":"https:\/\/jura-resort.ch\/de\/wp-json\/wp\/v2\/pages\/1576"}],"wp:attachment":[{"href":"https:\/\/jura-resort.ch\/de\/wp-json\/wp\/v2\/media?parent=1548"}],"curies":[{"name":"wp","href":"https:\/\/api.w.org\/{rel}","templated":true}]}}