{"id":7446,"date":"2025-07-18T08:35:17","date_gmt":"2025-07-18T08:35:17","guid":{"rendered":"https:\/\/jura-resort.ch\/?page_id=7446"},"modified":"2026-01-06T12:02:30","modified_gmt":"2026-01-06T12:02:30","slug":"in-der-umgebung-2","status":"publish","type":"page","link":"https:\/\/jura-resort.ch\/de\/sports-freizeit\/in-der-umgebung-2\/","title":{"rendered":"Ski"},"content":{"rendered":"\t\t<div data-elementor-type=\"wp-page\" data-elementor-id=\"7446\" class=\"elementor elementor-7446 elementor-7445\" data-elementor-post-type=\"page\">\n\t\t\t\t<div class=\"elementor-element elementor-element-eddbdd1 e-flex e-con-boxed e-con e-parent\" data-id=\"eddbdd1\" data-element_type=\"container\" data-e-type=\"container\">\n\t\t\t\t\t<div class=\"e-con-inner\">\n\t\t\t\t<div class=\"elementor-element elementor-element-7e0b4ad elementor-widget elementor-widget-heading\" data-id=\"7e0b4ad\" data-element_type=\"widget\" data-e-type=\"widget\" data-widget_type=\"heading.default\">\n\t\t\t\t<div class=\"elementor-widget-container\">\n\t\t\t\t\t<h2 class=\"elementor-heading-title elementor-size-default\">Gleiten Sie im Herzen des Schweizer Juras durch die Langlauf- und Abfahrtsskigebiete.<\/h2>\t\t\t\t<\/div>\n\t\t\t\t<\/div>\n\t\t\t\t<div class=\"elementor-element elementor-element-28c71729 elementor-widget elementor-widget-text-editor\" data-id=\"28c71729\" data-element_type=\"widget\" data-e-type=\"widget\" data-widget_type=\"text-editor.default\">\n\t\t\t\t<div class=\"elementor-widget-container\">\n\t\t\t\t\t\t\t\t\t<p class=\"sh-color-black sh-color\">Verschneite Hochebenen, stille W\u00e4lder und perfekt gespurte Loipen: Das Schweizer Jura ist ein Paradies f\u00fcr Skilangl\u00e4ufer und Alpinskifahrer. Auf spezialisierten Websites k\u00f6nnen Sie den Zustand der Pisten in Echtzeit abfragen, Routen f\u00fcr Ihr Niveau ausw\u00e4hlen und die besten Skating- und klassischen Spots entdecken. Ob Sie nun einen sportlichen Ausflug oder einen beschaulichen Spaziergang machen, hier finden Sie alles, was Sie brauchen, um den Winter anders zu erleben.<\/p><p class=\"sh-color-black sh-color\">Halten Sie Ihre Skier bereit, der Jura gleitet mit Ihnen!<\/p>\t\t\t\t\t\t\t\t<\/div>\n\t\t\t\t<\/div>\n\t\t<div class=\"elementor-element elementor-element-4254a49 e-grid e-con-full e-con e-child\" data-id=\"4254a49\" data-element_type=\"container\" data-e-type=\"container\">\n\t\t\t\t<div class=\"elementor-element elementor-element-db0ce58 elementor-widget elementor-widget-image\" data-id=\"db0ce58\" data-element_type=\"widget\" data-e-type=\"widget\" data-widget_type=\"image.default\">\n\t\t\t\t<div class=\"elementor-widget-container\">\n\t\t\t\t\t\t\t\t\t\t\t\t\t\t\t\t<a href=\"https:\/\/ajsf.ch\/ski-de-fond\/\" target=\"_blank\">\n\t\t\t\t\t\t\t<img fetchpriority=\"high\" decoding=\"async\" width=\"800\" height=\"373\" src=\"https:\/\/jura-resort.ch\/wp-content\/uploads\/2025\/07\/ajsf-1024x477.png\" class=\"attachment-large size-large wp-image-7449\" alt=\"\" srcset=\"https:\/\/jura-resort.ch\/wp-content\/uploads\/2025\/07\/ajsf-1024x477.png 1024w, https:\/\/jura-resort.ch\/wp-content\/uploads\/2025\/07\/ajsf-300x140.png 300w, https:\/\/jura-resort.ch\/wp-content\/uploads\/2025\/07\/ajsf-768x358.png 768w, https:\/\/jura-resort.ch\/wp-content\/uploads\/2025\/07\/ajsf.png 1200w\" sizes=\"(max-width: 800px) 100vw, 800px\" \/>\t\t\t\t\t\t\t\t<\/a>\n\t\t\t\t\t\t\t\t\t\t\t\t\t\t\t<\/div>\n\t\t\t\t<\/div>\n\t\t\t\t<div class=\"elementor-element elementor-element-2a6f077 elementor-widget elementor-widget-image\" data-id=\"2a6f077\" data-element_type=\"widget\" data-e-type=\"widget\" data-widget_type=\"image.default\">\n\t\t\t\t<div class=\"elementor-widget-container\">\n\t\t\t\t\t\t\t\t\t\t\t\t\t\t\t\t<a href=\"https:\/\/www.skidefond.ch\/\" target=\"_blank\">\n\t\t\t\t\t\t\t<img decoding=\"async\" width=\"1\" height=\"1\" src=\"https:\/\/jura-resort.ch\/wp-content\/uploads\/2025\/07\/romandie-ski-de-fonds.svg\" class=\"attachment-large size-large wp-image-7451\" alt=\"\" \/>\t\t\t\t\t\t\t\t<\/a>\n\t\t\t\t\t\t\t\t\t\t\t\t\t\t\t<\/div>\n\t\t\t\t<\/div>\n\t\t\t\t<div class=\"elementor-element elementor-element-5d39541 elementor-widget elementor-widget-image\" data-id=\"5d39541\" data-element_type=\"widget\" data-e-type=\"widget\" data-widget_type=\"image.default\">\n\t\t\t\t<div class=\"elementor-widget-container\">\n\t\t\t\t\t\t\t\t\t\t\t\t\t\t\t\t<a href=\"https:\/\/www.j3l.ch\/fr\/Z10364\/a-faire\/sport-loisirs\/ski-de-fond?bounds=6.14072+46.47396+7.28933+47.41318\" target=\"_blank\">\n\t\t\t\t\t\t\t<img decoding=\"async\" width=\"1\" height=\"1\" src=\"https:\/\/jura-resort.ch\/wp-content\/uploads\/2025\/07\/jura-trois-lacs.svg\" class=\"attachment-large size-large wp-image-7348\" alt=\"\" \/>\t\t\t\t\t\t\t\t<\/a>\n\t\t\t\t\t\t\t\t\t\t\t\t\t\t\t<\/div>\n\t\t\t\t<\/div>\n\t\t\t\t<\/div>\n\t\t\t\t<div class=\"elementor-element elementor-element-1fd860b4 elementor-widget elementor-widget-heading\" data-id=\"1fd860b4\" data-element_type=\"widget\" data-e-type=\"widget\" data-widget_type=\"heading.default\">\n\t\t\t\t<div class=\"elementor-widget-container\">\n\t\t\t\t\t<h2 class=\"elementor-heading-title elementor-size-default\">UNSERE ANGEBOTE<\/h2>\t\t\t\t<\/div>\n\t\t\t\t<\/div>\n\t\t\t\t<div class=\"elementor-element elementor-element-db2424b postlist elementor-widget elementor-widget-global elementor-global-7690 elementor-global-877 elementor-widget-jet-listing-grid\" data-id=\"db2424b\" data-element_type=\"widget\" data-e-type=\"widget\" data-settings=\"{&quot;columns&quot;:&quot;1&quot;}\" data-widget_type=\"jet-listing-grid.default\">\n\t\t\t\t<div class=\"elementor-widget-container\">\n\t\t\t\t\t<div class=\"jet-listing-grid jet-listing\"><div class=\"jet-listing-grid__items grid-col-desk-1 grid-col-tablet-1 grid-col-mobile-1 jet-listing-grid--855\" data-queried-id=\"7446|WP_Post\" data-nav=\"{&quot;enabled&quot;:false,&quot;type&quot;:null,&quot;more_el&quot;:null,&quot;query&quot;:[],&quot;widget_settings&quot;:{&quot;lisitng_id&quot;:855,&quot;posts_num&quot;:32,&quot;columns&quot;:1,&quot;columns_tablet&quot;:1,&quot;columns_mobile&quot;:1,&quot;column_min_width&quot;:240,&quot;column_min_width_tablet&quot;:240,&quot;column_min_width_mobile&quot;:240,&quot;inline_columns_css&quot;:false,&quot;is_archive_template&quot;:&quot;&quot;,&quot;post_status&quot;:[&quot;publish&quot;],&quot;use_random_posts_num&quot;:&quot;&quot;,&quot;max_posts_num&quot;:9,&quot;not_found_message&quot;:&quot;Es wurden keine Daten gefunden&quot;,&quot;is_masonry&quot;:false,&quot;equal_columns_height&quot;:&quot;&quot;,&quot;use_load_more&quot;:&quot;&quot;,&quot;load_more_id&quot;:&quot;&quot;,&quot;load_more_type&quot;:&quot;click&quot;,&quot;load_more_offset&quot;:{&quot;unit&quot;:&quot;px&quot;,&quot;size&quot;:0,&quot;sizes&quot;:[]},&quot;use_custom_post_types&quot;:&quot;&quot;,&quot;custom_post_types&quot;:[],&quot;hide_widget_if&quot;:&quot;&quot;,&quot;carousel_enabled&quot;:&quot;&quot;,&quot;slides_to_scroll&quot;:&quot;1&quot;,&quot;arrows&quot;:&quot;true&quot;,&quot;arrow_icon&quot;:&quot;fa fa-angle-left&quot;,&quot;dots&quot;:&quot;&quot;,&quot;autoplay&quot;:&quot;true&quot;,&quot;pause_on_hover&quot;:&quot;true&quot;,&quot;autoplay_speed&quot;:5000,&quot;infinite&quot;:&quot;true&quot;,&quot;center_mode&quot;:&quot;&quot;,&quot;effect&quot;:&quot;slide&quot;,&quot;speed&quot;:500,&quot;inject_alternative_items&quot;:&quot;&quot;,&quot;injection_items&quot;:[],&quot;scroll_slider_enabled&quot;:&quot;&quot;,&quot;scroll_slider_on&quot;:[&quot;desktop&quot;,&quot;tablet&quot;,&quot;mobile&quot;],&quot;custom_query&quot;:false,&quot;custom_query_id&quot;:&quot;&quot;,&quot;_element_id&quot;:&quot;&quot;,&quot;collapse_first_last_gap&quot;:false,&quot;list_tag_selection&quot;:&quot;&quot;,&quot;list_items_wrapper_tag&quot;:&quot;div&quot;,&quot;list_item_tag&quot;:&quot;div&quot;,&quot;empty_items_wrapper_tag&quot;:&quot;div&quot;}}\" data-page=\"1\" data-pages=\"1\" data-listing-source=\"posts\" data-listing-id=\"855\" data-query-id=\"\"><div class=\"jet-listing-grid__item jet-listing-dynamic-post-8113\" data-post-id=\"8113\"  >\t\t<div data-elementor-type=\"jet-listing-items\" data-elementor-id=\"1831\" class=\"elementor elementor-1831 elementor-855 elementor-855\" data-elementor-post-type=\"jet-engine\">\n\t\t\t\t<div class=\"elementor-element elementor-element-c96253f offer-box e-flex e-con-boxed e-con e-child\" data-id=\"c96253f\" data-element_type=\"container\" data-e-type=\"container\">\n\t\t\t\t\t<div class=\"e-con-inner\">\n\t\t\t\t<div class=\"elementor-element elementor-element-b59404e elementor-widget__width-initial event-thumbs elementor-widget elementor-widget-image\" data-id=\"b59404e\" data-element_type=\"widget\" data-e-type=\"widget\" data-widget_type=\"image.default\">\n\t\t\t\t<div class=\"elementor-widget-container\">\n\t\t\t\t\t\t\t\t\t\t\t\t\t\t\t\t<a href=\"https:\/\/jura-resort.ch\/de\/geschenkgutscheine\/\">\n\t\t\t\t\t\t\t<img loading=\"lazy\" decoding=\"async\" width=\"1748\" height=\"1240\" src=\"https:\/\/jura-resort.ch\/wp-content\/uploads\/2024\/10\/Bon-cadeau-site-web.png\" class=\"attachment-full size-full wp-image-5244\" alt=\"\" srcset=\"https:\/\/jura-resort.ch\/wp-content\/uploads\/2024\/10\/Bon-cadeau-site-web.png 1748w, https:\/\/jura-resort.ch\/wp-content\/uploads\/2024\/10\/Bon-cadeau-site-web-300x213.png 300w, https:\/\/jura-resort.ch\/wp-content\/uploads\/2024\/10\/Bon-cadeau-site-web-1024x726.png 1024w, https:\/\/jura-resort.ch\/wp-content\/uploads\/2024\/10\/Bon-cadeau-site-web-768x545.png 768w, https:\/\/jura-resort.ch\/wp-content\/uploads\/2024\/10\/Bon-cadeau-site-web-1536x1090.png 1536w\" sizes=\"(max-width: 1748px) 100vw, 1748px\" \/>\t\t\t\t\t\t\t\t<\/a>\n\t\t\t\t\t\t\t\t\t\t\t\t\t\t\t<\/div>\n\t\t\t\t<\/div>\n\t\t<div class=\"elementor-element elementor-element-0fe532e e-flex e-con-boxed e-con e-child\" data-id=\"0fe532e\" data-element_type=\"container\" data-e-type=\"container\">\n\t\t\t\t\t<div class=\"e-con-inner\">\n\t\t<div class=\"elementor-element elementor-element-a1b87c3 e-flex e-con-boxed e-con e-child\" data-id=\"a1b87c3\" data-element_type=\"container\" data-e-type=\"container\">\n\t\t\t\t\t<div class=\"e-con-inner\">\n\t\t\t\t<div class=\"elementor-element elementor-element-3e262f2 elementor-widget elementor-widget-heading\" data-id=\"3e262f2\" data-element_type=\"widget\" data-e-type=\"widget\" data-widget_type=\"heading.default\">\n\t\t\t\t<div class=\"elementor-widget-container\">\n\t\t\t\t\t<h2 class=\"elementor-heading-title elementor-size-default\"><a href=\"https:\/\/jura-resort.ch\/de\/geschenkgutscheine\/\">Geschenkgutscheine<\/a><\/h2>\t\t\t\t<\/div>\n\t\t\t\t<\/div>\n\t\t\t\t\t<\/div>\n\t\t\t\t<\/div>\n\t\t\t\t<div class=\"elementor-element elementor-element-9792c35 elementor-mobile-align-right elementor-widget elementor-widget-button\" data-id=\"9792c35\" data-element_type=\"widget\" data-e-type=\"widget\" data-widget_type=\"button.default\">\n\t\t\t\t<div class=\"elementor-widget-container\">\n\t\t\t\t\t\t\t\t\t<div class=\"elementor-button-wrapper\">\n\t\t\t\t\t<a class=\"elementor-button elementor-button-link elementor-size-sm\" href=\"https:\/\/jura-resort.ch\/de\/geschenkgutscheine\/\">\n\t\t\t\t\t\t<span class=\"elementor-button-content-wrapper\">\n\t\t\t\t\t\t\t\t\t<span class=\"elementor-button-text\"> Angebotsdetails<\/span>\n\t\t\t\t\t<\/span>\n\t\t\t\t\t<\/a>\n\t\t\t\t<\/div>\n\t\t\t\t\t\t\t\t<\/div>\n\t\t\t\t<\/div>\n\t\t\t\t\t<\/div>\n\t\t\t\t<\/div>\n\t\t\t\t\t<\/div>\n\t\t\t\t<\/div>\n\t\t\t\t<\/div>\n\t\t<\/div><\/div><\/div>\t\t\t\t<\/div>\n\t\t\t\t<\/div>\n\t\t\t\t<div class=\"elementor-element elementor-element-6cdbc33d elementor-grid-4 elementor-grid-mobile-3 logogrid elementor-grid-tablet-2 elementor-widget elementor-widget-pp-logo-grid\" data-id=\"6cdbc33d\" data-element_type=\"widget\" data-e-type=\"widget\" data-settings=\"{&quot;columns&quot;:&quot;4&quot;,&quot;columns_mobile&quot;:&quot;3&quot;,&quot;columns_tablet&quot;:&quot;2&quot;}\" data-widget_type=\"pp-logo-grid.default\">\n\t\t\t\t<div class=\"elementor-widget-container\">\n\t\t\t\t\t\t\t<div class=\"pp-logo-grid elementor-grid\">\n\t\t\t\t\t\t\t\t<div class=\"pp-grid-item-wrap elementor-grid-item elementor-repeater-item-8d85b28\">\n\t\t\t\t\t\t<div class=\"pp-grid-item\">\n\t\t\t\t\t\t<img decoding=\"async\" src=\"https:\/\/jura-resort.ch\/wp-content\/uploads\/2023\/10\/Bike-Hotel.jpg\" alt=\"Bike-Hotel\" \/>\t\t\t\t\t\t<\/div>\n\t\t\t\t\t\t\t\t\t\t\t<\/div>\n\t\t\t\t\t\t\t\t\t\t<div class=\"pp-grid-item-wrap elementor-grid-item elementor-repeater-item-c775da4\">\n\t\t\t\t\t\t<div class=\"pp-grid-item\">\n\t\t\t\t\t\t<img decoding=\"async\" src=\"https:\/\/jura-resort.ch\/wp-content\/uploads\/2023\/10\/Restaurant-GURU.jpg\" alt=\"Restaurant-GURU\" \/>\t\t\t\t\t\t<\/div>\n\t\t\t\t\t\t\t\t\t\t\t<\/div>\n\t\t\t\t\t\t\t\t\t\t<div class=\"pp-grid-item-wrap elementor-grid-item elementor-repeater-item-c3e63b1\">\n\t\t\t\t\t\t<div class=\"pp-grid-item\">\n\t\t\t\t\t\t<img decoding=\"async\" src=\"https:\/\/jura-resort.ch\/wp-content\/uploads\/2023\/10\/Wellness-Hotel-HotellerieSuisse.jpg\" alt=\"Wellness-H\u00f4tel-HotellerieSuisse\" \/>\t\t\t\t\t\t<\/div>\n\t\t\t\t\t\t\t\t\t\t\t<\/div>\n\t\t\t\t\t\t\t\t\t\t<div class=\"pp-grid-item-wrap elementor-grid-item elementor-repeater-item-2cc589f\">\n\t\t\t\t\t\t<div class=\"pp-grid-item\">\n\t\t\t\t\t\t<img decoding=\"async\" src=\"https:\/\/jura-resort.ch\/wp-content\/uploads\/2023\/10\/logo-hotellerie-suisse.png\" alt=\"logo-hotellerie-suisse\" \/>\t\t\t\t\t\t<\/div>\n\t\t\t\t\t\t\t\t\t\t\t<\/div>\n\t\t\t\t\t\t\t\t\t\t<div class=\"pp-grid-item-wrap elementor-grid-item elementor-repeater-item-03669cd\">\n\t\t\t\t\t\t<div class=\"pp-grid-item\">\n\t\t\t\t\t\t<img decoding=\"async\" src=\"https:\/\/jura-resort.ch\/wp-content\/uploads\/2023\/10\/logo-jura-pass.png\" alt=\"logo-jura-pass\" \/>\t\t\t\t\t\t<\/div>\n\t\t\t\t\t\t\t\t\t\t\t<\/div>\n\t\t\t\t\t\t\t\t\t\t<div class=\"pp-grid-item-wrap elementor-grid-item elementor-repeater-item-4db7bb5\">\n\t\t\t\t\t\t<div class=\"pp-grid-item\">\n\t\t\t\t\t\t<img decoding=\"async\" src=\"https:\/\/jura-resort.ch\/wp-content\/uploads\/2025\/12\/le-jura-c-est-cadeau_2000.jpg\" alt=\"le-jura-c-est-cadeau_2000\" \/>\t\t\t\t\t\t<\/div>\n\t\t\t\t\t\t\t\t\t\t\t<\/div>\n\t\t\t\t\t\t\t\t\t\t<div class=\"pp-grid-item-wrap elementor-grid-item elementor-repeater-item-efe6e7f\">\n\t\t\t\t\t\t<div class=\"pp-grid-item\">\n\t\t\t\t\t\t<img decoding=\"async\" src=\"https:\/\/jura-resort.ch\/wp-content\/uploads\/2023\/10\/logo-tripadvisor.png\" alt=\"logo-tripadvisor\" \/>\t\t\t\t\t\t<\/div>\n\t\t\t\t\t\t\t\t\t\t\t<\/div>\n\t\t\t\t\t\t\t<\/div>\n\t\t\t\t\t\t<\/div>\n\t\t\t\t<\/div>\n\t\t\t\t<div class=\"elementor-element elementor-element-640509f1 elementor-mobile-align-center elementor-widget elementor-widget-button\" data-id=\"640509f1\" data-element_type=\"widget\" data-e-type=\"widget\" data-widget_type=\"button.default\">\n\t\t\t\t<div class=\"elementor-widget-container\">\n\t\t\t\t\t\t\t\t\t<div class=\"elementor-button-wrapper\">\n\t\t\t\t\t<a class=\"elementor-button elementor-button-link elementor-size-sm\" href=\"\/chambres\/nos-offres\/\">\n\t\t\t\t\t\t<span class=\"elementor-button-content-wrapper\">\n\t\t\t\t\t\t\t\t\t<span class=\"elementor-button-text\">Entdecken Sie alle Angebote<\/span>\n\t\t\t\t\t<\/span>\n\t\t\t\t\t<\/a>\n\t\t\t\t<\/div>\n\t\t\t\t\t\t\t\t<\/div>\n\t\t\t\t<\/div>\n\t\t\t\t\t<\/div>\n\t\t\t\t<\/div>\n\t\t\t\t<\/div>\n\t\t","protected":false},"excerpt":{"rendered":"<p>Gleiten Sie im Herzen des Schweizer Juras durch die Langlauf- und Abfahrtsskigebiete. Verschneite Hochebenen, stille W\u00e4lder und perfekt gespurte Loipen: Das Schweizer Jura ist ein Paradies f\u00fcr Skilangl\u00e4ufer und Alpinskifahrer. Auf spezialisierten Websites k\u00f6nnen Sie den Zustand der Pisten in Echtzeit abfragen, Routen f\u00fcr Ihr Niveau ausw\u00e4hlen und die besten Skating- und klassischen Spots entdecken. [&hellip;]<\/p>\n","protected":false},"author":8,"featured_media":0,"parent":1589,"menu_order":8,"comment_status":"closed","ping_status":"closed","template":"","meta":{"_acf_changed":false,"footnotes":""},"class_list":["post-7446","page","type-page","status-publish","hentry"],"acf":[],"yoast_head":"<!-- This site is optimized with the Yoast SEO plugin v27.4 - https:\/\/yoast.com\/product\/yoast-seo-wordpress\/ -->\n<title>Gleiten Sie im Herzen des Schweizer Jura beim Langlauf und Alpinski | Jura Resort%<\/title>\n<meta name=\"description\" content=\"Verschneite Hochebenen, stille W\u00e4lder und lange Pisten: Der Schweizer Jura ist ein Paradies f\u00fcr Skilangl\u00e4ufer und Alpinskifahrer.\" \/>\n<meta name=\"robots\" content=\"index, follow, max-snippet:-1, max-image-preview:large, max-video-preview:-1\" \/>\n<link rel=\"canonical\" href=\"https:\/\/jura-resort.ch\/de\/sports-freizeit\/in-der-umgebung-2\/\" \/>\n<meta property=\"og:locale\" content=\"de_DE\" \/>\n<meta property=\"og:type\" content=\"article\" \/>\n<meta property=\"og:title\" content=\"Gleiten Sie im Herzen des Schweizer Jura beim Langlauf und Alpinski | Jura Resort%\" \/>\n<meta property=\"og:description\" content=\"Verschneite Hochebenen, stille W\u00e4lder und lange Pisten: Der Schweizer Jura ist ein Paradies f\u00fcr Skilangl\u00e4ufer und Alpinskifahrer.\" \/>\n<meta property=\"og:url\" content=\"https:\/\/jura-resort.ch\/de\/sports-freizeit\/in-der-umgebung-2\/\" \/>\n<meta property=\"og:site_name\" content=\"Jura Resort\" \/>\n<meta property=\"article:publisher\" content=\"https:\/\/www.facebook.com\/clfm.centredeloisirsdesfranchesmontagnes\" \/>\n<meta property=\"article:modified_time\" content=\"2026-01-06T12:02:30+00:00\" \/>\n<meta property=\"og:image\" content=\"https:\/\/jura-resort.ch\/wp-content\/uploads\/2025\/07\/ajsf.png\" \/>\n\t<meta property=\"og:image:width\" content=\"1200\" \/>\n\t<meta property=\"og:image:height\" content=\"559\" \/>\n\t<meta property=\"og:image:type\" content=\"image\/png\" \/>\n<meta name=\"twitter:card\" content=\"summary_large_image\" \/>\n<script type=\"application\/ld+json\" class=\"yoast-schema-graph\">{\"@context\":\"https:\\\/\\\/schema.org\",\"@graph\":[{\"@type\":\"WebPage\",\"@id\":\"https:\\\/\\\/jura-resort.ch\\\/de\\\/sports-freizeit\\\/in-der-umgebung-2\\\/\",\"url\":\"https:\\\/\\\/jura-resort.ch\\\/de\\\/sports-freizeit\\\/in-der-umgebung-2\\\/\",\"name\":\"Gleiten Sie im Herzen des Schweizer Jura beim Langlauf und Alpinski | Jura Resort%\",\"isPartOf\":{\"@id\":\"https:\\\/\\\/jura-resort.ch\\\/de\\\/#website\"},\"primaryImageOfPage\":{\"@id\":\"https:\\\/\\\/jura-resort.ch\\\/de\\\/sports-freizeit\\\/in-der-umgebung-2\\\/#primaryimage\"},\"image\":{\"@id\":\"https:\\\/\\\/jura-resort.ch\\\/de\\\/sports-freizeit\\\/in-der-umgebung-2\\\/#primaryimage\"},\"thumbnailUrl\":\"https:\\\/\\\/jura-resort.ch\\\/wp-content\\\/uploads\\\/2025\\\/07\\\/ajsf-1024x477.png\",\"datePublished\":\"2025-07-18T08:35:17+00:00\",\"dateModified\":\"2026-01-06T12:02:30+00:00\",\"description\":\"Verschneite Hochebenen, stille W\u00e4lder und lange Pisten: Der Schweizer Jura ist ein Paradies f\u00fcr Skilangl\u00e4ufer und Alpinskifahrer.\",\"breadcrumb\":{\"@id\":\"https:\\\/\\\/jura-resort.ch\\\/de\\\/sports-freizeit\\\/in-der-umgebung-2\\\/#breadcrumb\"},\"inLanguage\":\"de\",\"potentialAction\":[{\"@type\":\"ReadAction\",\"target\":[\"https:\\\/\\\/jura-resort.ch\\\/de\\\/sports-freizeit\\\/in-der-umgebung-2\\\/\"]}]},{\"@type\":\"ImageObject\",\"inLanguage\":\"de\",\"@id\":\"https:\\\/\\\/jura-resort.ch\\\/de\\\/sports-freizeit\\\/in-der-umgebung-2\\\/#primaryimage\",\"url\":\"https:\\\/\\\/jura-resort.ch\\\/wp-content\\\/uploads\\\/2025\\\/07\\\/ajsf-1024x477.png\",\"contentUrl\":\"https:\\\/\\\/jura-resort.ch\\\/wp-content\\\/uploads\\\/2025\\\/07\\\/ajsf-1024x477.png\"},{\"@type\":\"BreadcrumbList\",\"@id\":\"https:\\\/\\\/jura-resort.ch\\\/de\\\/sports-freizeit\\\/in-der-umgebung-2\\\/#breadcrumb\",\"itemListElement\":[{\"@type\":\"ListItem\",\"position\":1,\"name\":\"Home\",\"item\":\"https:\\\/\\\/jura-resort.ch\\\/de\\\/homepage\\\/\"},{\"@type\":\"ListItem\",\"position\":2,\"name\":\"Sport &amp; Freizeit\",\"item\":\"https:\\\/\\\/jura-resort.ch\\\/de\\\/sports-freizeit\\\/\"},{\"@type\":\"ListItem\",\"position\":3,\"name\":\"Ski\"}]},{\"@type\":\"WebSite\",\"@id\":\"https:\\\/\\\/jura-resort.ch\\\/de\\\/#website\",\"url\":\"https:\\\/\\\/jura-resort.ch\\\/de\\\/\",\"name\":\"Jura Resort\",\"description\":\"Jura Resort\",\"publisher\":{\"@id\":\"https:\\\/\\\/jura-resort.ch\\\/de\\\/#organization\"},\"potentialAction\":[{\"@type\":\"SearchAction\",\"target\":{\"@type\":\"EntryPoint\",\"urlTemplate\":\"https:\\\/\\\/jura-resort.ch\\\/de\\\/?s={search_term_string}\"},\"query-input\":{\"@type\":\"PropertyValueSpecification\",\"valueRequired\":true,\"valueName\":\"search_term_string\"}}],\"inLanguage\":\"de\"},{\"@type\":\"Organization\",\"@id\":\"https:\\\/\\\/jura-resort.ch\\\/de\\\/#organization\",\"name\":\"Jura Resort\",\"alternateName\":\"Jura Resort - Centre de loisirs des Franches-Montagnes\",\"url\":\"https:\\\/\\\/jura-resort.ch\\\/de\\\/\",\"logo\":{\"@type\":\"ImageObject\",\"inLanguage\":\"de\",\"@id\":\"https:\\\/\\\/jura-resort.ch\\\/de\\\/#\\\/schema\\\/logo\\\/image\\\/\",\"url\":\"https:\\\/\\\/jura-resort.ch\\\/wp-content\\\/uploads\\\/2023\\\/12\\\/logo.png\",\"contentUrl\":\"https:\\\/\\\/jura-resort.ch\\\/wp-content\\\/uploads\\\/2023\\\/12\\\/logo.png\",\"width\":120,\"height\":135,\"caption\":\"Jura Resort\"},\"image\":{\"@id\":\"https:\\\/\\\/jura-resort.ch\\\/de\\\/#\\\/schema\\\/logo\\\/image\\\/\"},\"sameAs\":[\"https:\\\/\\\/www.facebook.com\\\/clfm.centredeloisirsdesfranchesmontagnes\",\"https:\\\/\\\/www.instagram.com\\\/jura_resort\\\/\",\"https:\\\/\\\/www.linkedin.com\\\/company\\\/jura-sport-spa-resort\\\/\",\"https:\\\/\\\/fr.tripadvisor.ch\\\/Hotel_Review-g1068933-d2618195-Reviews-Hotel_Cristal-Saignelegier_Canton_of_Jura.html\"]}]}<\/script>\n<!-- \/ Yoast SEO plugin. -->","yoast_head_json":{"title":"Gleiten Sie im Herzen des Schweizer Jura beim Langlauf und Alpinski | Jura Resort%","description":"Verschneite Hochebenen, stille W\u00e4lder und lange Pisten: Der Schweizer Jura ist ein Paradies f\u00fcr Skilangl\u00e4ufer und Alpinskifahrer.","robots":{"index":"index","follow":"follow","max-snippet":"max-snippet:-1","max-image-preview":"max-image-preview:large","max-video-preview":"max-video-preview:-1"},"canonical":"https:\/\/jura-resort.ch\/de\/sports-freizeit\/in-der-umgebung-2\/","og_locale":"de_DE","og_type":"article","og_title":"Gleiten Sie im Herzen des Schweizer Jura beim Langlauf und Alpinski | Jura Resort%","og_description":"Verschneite Hochebenen, stille W\u00e4lder und lange Pisten: Der Schweizer Jura ist ein Paradies f\u00fcr Skilangl\u00e4ufer und Alpinskifahrer.","og_url":"https:\/\/jura-resort.ch\/de\/sports-freizeit\/in-der-umgebung-2\/","og_site_name":"Jura Resort","article_publisher":"https:\/\/www.facebook.com\/clfm.centredeloisirsdesfranchesmontagnes","article_modified_time":"2026-01-06T12:02:30+00:00","og_image":[{"width":1200,"height":559,"url":"https:\/\/jura-resort.ch\/wp-content\/uploads\/2025\/07\/ajsf.png","type":"image\/png"}],"twitter_card":"summary_large_image","schema":{"@context":"https:\/\/schema.org","@graph":[{"@type":"WebPage","@id":"https:\/\/jura-resort.ch\/de\/sports-freizeit\/in-der-umgebung-2\/","url":"https:\/\/jura-resort.ch\/de\/sports-freizeit\/in-der-umgebung-2\/","name":"Gleiten Sie im Herzen des Schweizer Jura beim Langlauf und Alpinski | Jura Resort%","isPartOf":{"@id":"https:\/\/jura-resort.ch\/de\/#website"},"primaryImageOfPage":{"@id":"https:\/\/jura-resort.ch\/de\/sports-freizeit\/in-der-umgebung-2\/#primaryimage"},"image":{"@id":"https:\/\/jura-resort.ch\/de\/sports-freizeit\/in-der-umgebung-2\/#primaryimage"},"thumbnailUrl":"https:\/\/jura-resort.ch\/wp-content\/uploads\/2025\/07\/ajsf-1024x477.png","datePublished":"2025-07-18T08:35:17+00:00","dateModified":"2026-01-06T12:02:30+00:00","description":"Verschneite Hochebenen, stille W\u00e4lder und lange Pisten: Der Schweizer Jura ist ein Paradies f\u00fcr Skilangl\u00e4ufer und Alpinskifahrer.","breadcrumb":{"@id":"https:\/\/jura-resort.ch\/de\/sports-freizeit\/in-der-umgebung-2\/#breadcrumb"},"inLanguage":"de","potentialAction":[{"@type":"ReadAction","target":["https:\/\/jura-resort.ch\/de\/sports-freizeit\/in-der-umgebung-2\/"]}]},{"@type":"ImageObject","inLanguage":"de","@id":"https:\/\/jura-resort.ch\/de\/sports-freizeit\/in-der-umgebung-2\/#primaryimage","url":"https:\/\/jura-resort.ch\/wp-content\/uploads\/2025\/07\/ajsf-1024x477.png","contentUrl":"https:\/\/jura-resort.ch\/wp-content\/uploads\/2025\/07\/ajsf-1024x477.png"},{"@type":"BreadcrumbList","@id":"https:\/\/jura-resort.ch\/de\/sports-freizeit\/in-der-umgebung-2\/#breadcrumb","itemListElement":[{"@type":"ListItem","position":1,"name":"Home","item":"https:\/\/jura-resort.ch\/de\/homepage\/"},{"@type":"ListItem","position":2,"name":"Sport &amp; Freizeit","item":"https:\/\/jura-resort.ch\/de\/sports-freizeit\/"},{"@type":"ListItem","position":3,"name":"Ski"}]},{"@type":"WebSite","@id":"https:\/\/jura-resort.ch\/de\/#website","url":"https:\/\/jura-resort.ch\/de\/","name":"Jura Resort","description":"Jura Resort","publisher":{"@id":"https:\/\/jura-resort.ch\/de\/#organization"},"potentialAction":[{"@type":"SearchAction","target":{"@type":"EntryPoint","urlTemplate":"https:\/\/jura-resort.ch\/de\/?s={search_term_string}"},"query-input":{"@type":"PropertyValueSpecification","valueRequired":true,"valueName":"search_term_string"}}],"inLanguage":"de"},{"@type":"Organization","@id":"https:\/\/jura-resort.ch\/de\/#organization","name":"Jura Resort","alternateName":"Jura Resort - Centre de loisirs des Franches-Montagnes","url":"https:\/\/jura-resort.ch\/de\/","logo":{"@type":"ImageObject","inLanguage":"de","@id":"https:\/\/jura-resort.ch\/de\/#\/schema\/logo\/image\/","url":"https:\/\/jura-resort.ch\/wp-content\/uploads\/2023\/12\/logo.png","contentUrl":"https:\/\/jura-resort.ch\/wp-content\/uploads\/2023\/12\/logo.png","width":120,"height":135,"caption":"Jura Resort"},"image":{"@id":"https:\/\/jura-resort.ch\/de\/#\/schema\/logo\/image\/"},"sameAs":["https:\/\/www.facebook.com\/clfm.centredeloisirsdesfranchesmontagnes","https:\/\/www.instagram.com\/jura_resort\/","https:\/\/www.linkedin.com\/company\/jura-sport-spa-resort\/","https:\/\/fr.tripadvisor.ch\/Hotel_Review-g1068933-d2618195-Reviews-Hotel_Cristal-Saignelegier_Canton_of_Jura.html"]}]}},"_links":{"self":[{"href":"https:\/\/jura-resort.ch\/de\/wp-json\/wp\/v2\/pages\/7446","targetHints":{"allow":["GET"]}}],"collection":[{"href":"https:\/\/jura-resort.ch\/de\/wp-json\/wp\/v2\/pages"}],"about":[{"href":"https:\/\/jura-resort.ch\/de\/wp-json\/wp\/v2\/types\/page"}],"author":[{"embeddable":true,"href":"https:\/\/jura-resort.ch\/de\/wp-json\/wp\/v2\/users\/8"}],"replies":[{"embeddable":true,"href":"https:\/\/jura-resort.ch\/de\/wp-json\/wp\/v2\/comments?post=7446"}],"version-history":[{"count":0,"href":"https:\/\/jura-resort.ch\/de\/wp-json\/wp\/v2\/pages\/7446\/revisions"}],"up":[{"embeddable":true,"href":"https:\/\/jura-resort.ch\/de\/wp-json\/wp\/v2\/pages\/1589"}],"wp:attachment":[{"href":"https:\/\/jura-resort.ch\/de\/wp-json\/wp\/v2\/media?parent=7446"}],"curies":[{"name":"wp","href":"https:\/\/api.w.org\/{rel}","templated":true}]}}